{"id":551,"date":"2024-09-05T09:08:51","date_gmt":"2024-09-05T07:08:51","guid":{"rendered":"https:\/\/patronotremaisonglons.be\/?page_id=551"},"modified":"2024-09-05T09:21:44","modified_gmt":"2024-09-05T07:21:44","slug":"contreparties-pour-les-dons-des-entreprises","status":"publish","type":"page","link":"https:\/\/patronotremaisonglons.be\/?page_id=551","title":{"rendered":"Contreparties pour les dons des entreprises"},"content":{"rendered":"\t\t<div data-elementor-type=\"wp-page\" data-elementor-id=\"551\" class=\"elementor elementor-551\">\n\t\t\t\t<div class=\"elementor-element elementor-element-f66ad95 e-flex e-con-boxed e-con e-parent\" data-id=\"f66ad95\" data-element_type=\"container\">\n\t\t\t\t\t<div class=\"e-con-inner\">\n\t\t\t\t<div class=\"elementor-element elementor-element-5c193e6 elementor-widget elementor-widget-text-editor\" data-id=\"5c193e6\" data-element_type=\"widget\" data-widget_type=\"text-editor.default\">\n\t\t\t\t<div class=\"elementor-widget-container\">\n\t\t\t<style>\/*! elementor - v3.23.0 - 05-08-2024 *\/\n.elementor-widget-text-editor.elementor-drop-cap-view-stacked .elementor-drop-cap{background-color:#69727d;color:#fff}.elementor-widget-text-editor.elementor-drop-cap-view-framed .elementor-drop-cap{color:#69727d;border:3px solid;background-color:transparent}.elementor-widget-text-editor:not(.elementor-drop-cap-view-default) .elementor-drop-cap{margin-top:8px}.elementor-widget-text-editor:not(.elementor-drop-cap-view-default) .elementor-drop-cap-letter{width:1em;height:1em}.elementor-widget-text-editor .elementor-drop-cap{float:left;text-align:center;line-height:1;font-size:50px}.elementor-widget-text-editor .elementor-drop-cap-letter{display:inline-block}<\/style>\t\t\t\t<p><strong>Dons de 500\u20ac \u00e0 999\u20ac<\/strong><br \/><br \/>1. Nom sur le site internet : Mention du nom de l&amp;#39;entreprise sur notre site internet www.notresite.be avec un lien vers leur site web.<br \/><br \/>2. Affichage publicitaire : Logo de l&rsquo;entreprise sur un panneau de sponsors \u00e0 l&rsquo;entr\u00e9e de la salle. (Petit format)<\/p>\t\t\t\t\t\t<\/div>\n\t\t\t\t<\/div>\n\t\t\t\t\t<\/div>\n\t\t\t\t<\/div>\n\t\t<div class=\"elementor-element elementor-element-449c900 e-flex e-con-boxed e-con e-parent\" data-id=\"449c900\" data-element_type=\"container\">\n\t\t\t\t\t<div class=\"e-con-inner\">\n\t\t\t\t<div class=\"elementor-element elementor-element-ad6a44f elementor-widget elementor-widget-text-editor\" data-id=\"ad6a44f\" data-element_type=\"widget\" data-widget_type=\"text-editor.default\">\n\t\t\t\t<div class=\"elementor-widget-container\">\n\t\t\t\t\t\t\t<p><strong>Dons de 1 000\u20ac \u00e0 2 499\u20ac<\/strong><br \/><br \/>1. Nom sur le site internet<br \/><br \/>2. Affichage publicitaire : Logo de l&rsquo;entreprise sur un panneau de sponsors \u00e0 l&rsquo;entr\u00e9e de la salle et surles programmes des \u00e9v\u00e9nements. (Moyen format)<\/p>\t\t\t\t\t\t<\/div>\n\t\t\t\t<\/div>\n\t\t\t\t\t<\/div>\n\t\t\t\t<\/div>\n\t\t<div class=\"elementor-element elementor-element-c44d4d8 e-flex e-con-boxed e-con e-parent\" data-id=\"c44d4d8\" data-element_type=\"container\">\n\t\t\t\t\t<div class=\"e-con-inner\">\n\t\t\t\t<div class=\"elementor-element elementor-element-51d95b8 elementor-widget elementor-widget-text-editor\" data-id=\"51d95b8\" data-element_type=\"widget\" data-widget_type=\"text-editor.default\">\n\t\t\t\t<div class=\"elementor-widget-container\">\n\t\t\t\t\t\t\t<p><strong>Dons de 2 500\u20ac \u00e0 4 999\u20ac<br \/><\/strong><br \/>1. Nom sur le site internet<br \/><br \/>2. Affichage publicitaire : Logo de l&rsquo;entreprise sur un panneau de sponsors \u00e0 l&rsquo;entr\u00e9e de la salle, sur les programmes de \u00e9v\u00e9nements, et sur notre site internet. (Grand format)<\/p>\t\t\t\t\t\t<\/div>\n\t\t\t\t<\/div>\n\t\t\t\t\t<\/div>\n\t\t\t\t<\/div>\n\t\t<div class=\"elementor-element elementor-element-b2cfa88 e-flex e-con-boxed e-con e-parent\" data-id=\"b2cfa88\" data-element_type=\"container\">\n\t\t\t\t\t<div class=\"e-con-inner\">\n\t\t\t\t<div class=\"elementor-element elementor-element-eb279e7 elementor-widget elementor-widget-text-editor\" data-id=\"eb279e7\" data-element_type=\"widget\" data-widget_type=\"text-editor.default\">\n\t\t\t\t<div class=\"elementor-widget-container\">\n\t\t\t\t\t\t\t<p><strong>Dons de 5 000\u20ac \u00e0 9 999\u20ac<\/strong><\/p><p>1. Nom sur le site internet<\/p><p>2. Affichage publicitaire : Logo de l&rsquo;entreprise sur un panneau de sponsors \u00e0 l&rsquo;entr\u00e9e de la salle, sur les programmes des \u00e9v\u00e9nements, et sur notre site internet avec une page d\u00e9di\u00e9e. (Grand format)<\/p>\t\t\t\t\t\t<\/div>\n\t\t\t\t<\/div>\n\t\t\t\t\t<\/div>\n\t\t\t\t<\/div>\n\t\t<div class=\"elementor-element elementor-element-bb663ae e-flex e-con-boxed e-con e-parent\" data-id=\"bb663ae\" data-element_type=\"container\">\n\t\t\t\t\t<div class=\"e-con-inner\">\n\t\t\t\t<div class=\"elementor-element elementor-element-bf40a05 elementor-widget elementor-widget-text-editor\" data-id=\"bf40a05\" data-element_type=\"widget\" data-widget_type=\"text-editor.default\">\n\t\t\t\t<div class=\"elementor-widget-container\">\n\t\t\t\t\t\t\t<p><strong>Dons de 10 000\u20ac et plus<\/strong><br \/><br \/>1. Nom sur le site internet<\/p><p>2. Affichage publicitaire : Logo de l&rsquo;entreprise sur un panneau de sponsors \u00e0 l&rsquo;entr\u00e9e de la salle, sur les programmes des \u00e9v\u00e9nements, et sur notre site internet avec une page d\u00e9di\u00e9e et une mention sp\u00e9ciale dans les newsletters. (Grand format)<\/p><p>3. Sponsoring d&rsquo;\u00e9v\u00e9nements : Annonce de l&rsquo;entreprise comme sponsor principal lors de certains \u00e9v\u00e9nements.<br \/><br \/>4. Nom d&rsquo;un espace sp\u00e9cifique : Possibilit\u00e9 de nommer une salle annexe ou un espace sp\u00e9cifique de la salle en l&rsquo;honneur de l&rsquo;entreprise.<\/p>\t\t\t\t\t\t<\/div>\n\t\t\t\t<\/div>\n\t\t\t\t\t<\/div>\n\t\t\t\t<\/div>\n\t\t\t\t<\/div>\n\t\t","protected":false},"excerpt":{"rendered":"<p>Dons de 500\u20ac \u00e0 999\u20ac 1. Nom sur le site internet : Mention du nom de l&amp;#39;entreprise sur notre site internet www.notresite.be [&hellip;]<\/p>\n","protected":false},"author":1,"featured_media":0,"parent":0,"menu_order":0,"comment_status":"closed","ping_status":"closed","template":"","meta":{"footnotes":""},"class_list":["post-551","page","type-page","status-publish","hentry"],"_links":{"self":[{"href":"https:\/\/patronotremaisonglons.be\/index.php?rest_route=\/wp\/v2\/pages\/551","targetHints":{"allow":["GET"]}}],"collection":[{"href":"https:\/\/patronotremaisonglons.be\/index.php?rest_route=\/wp\/v2\/pages"}],"about":[{"href":"https:\/\/patronotremaisonglons.be\/index.php?rest_route=\/wp\/v2\/types\/page"}],"author":[{"embeddable":true,"href":"https:\/\/patronotremaisonglons.be\/index.php?rest_route=\/wp\/v2\/users\/1"}],"replies":[{"embeddable":true,"href":"https:\/\/patronotremaisonglons.be\/index.php?rest_route=%2Fwp%2Fv2%2Fcomments&post=551"}],"version-history":[{"count":19,"href":"https:\/\/patronotremaisonglons.be\/index.php?rest_route=\/wp\/v2\/pages\/551\/revisions"}],"predecessor-version":[{"id":570,"href":"https:\/\/patronotremaisonglons.be\/index.php?rest_route=\/wp\/v2\/pages\/551\/revisions\/570"}],"wp:attachment":[{"href":"https:\/\/patronotremaisonglons.be\/index.php?rest_route=%2Fwp%2Fv2%2Fmedia&parent=551"}],"curies":[{"name":"wp","href":"https:\/\/api.w.org\/{rel}","templated":true}]}}