{"id":530,"date":"2024-09-05T08:58:03","date_gmt":"2024-09-05T06:58:03","guid":{"rendered":"https:\/\/patronotremaisonglons.be\/?page_id=530"},"modified":"2024-09-05T09:47:00","modified_gmt":"2024-09-05T07:47:00","slug":"elementor-530","status":"publish","type":"page","link":"https:\/\/patronotremaisonglons.be\/?page_id=530","title":{"rendered":"Contreparties pour les dons des particuliers"},"content":{"rendered":"\t\t<div data-elementor-type=\"wp-page\" data-elementor-id=\"530\" class=\"elementor elementor-530\">\n\t\t\t\t<div class=\"elementor-element elementor-element-58eb963 e-flex e-con-boxed e-con e-parent\" data-id=\"58eb963\" data-element_type=\"container\">\n\t\t\t\t\t<div class=\"e-con-inner\">\n\t\t\t\t<div class=\"elementor-element elementor-element-41d9ee4 elementor-widget elementor-widget-text-editor\" data-id=\"41d9ee4\" data-element_type=\"widget\" data-widget_type=\"text-editor.default\">\n\t\t\t\t<div class=\"elementor-widget-container\">\n\t\t\t<style>\/*! elementor - v3.23.0 - 05-08-2024 *\/\n.elementor-widget-text-editor.elementor-drop-cap-view-stacked .elementor-drop-cap{background-color:#69727d;color:#fff}.elementor-widget-text-editor.elementor-drop-cap-view-framed .elementor-drop-cap{color:#69727d;border:3px solid;background-color:transparent}.elementor-widget-text-editor:not(.elementor-drop-cap-view-default) .elementor-drop-cap{margin-top:8px}.elementor-widget-text-editor:not(.elementor-drop-cap-view-default) .elementor-drop-cap-letter{width:1em;height:1em}.elementor-widget-text-editor .elementor-drop-cap{float:left;text-align:center;line-height:1;font-size:50px}.elementor-widget-text-editor .elementor-drop-cap-letter{display:inline-block}<\/style>\t\t\t\t<p><strong>Dons de 100\u20ac \u00e0 249\u20ac<\/strong><br \/><br \/>1. Certificat de remerciement : Certificat de remerciement envoy\u00e9 par courrier.<br \/><br \/>2. Invitation \u00e0 la c\u00e9r\u00e9monie d&rsquo;inauguration : Invitation personnelle \u00e0 la c\u00e9r\u00e9monie d&rsquo;inauguration avec<br \/>une mention sp\u00e9ciale.<br \/><br \/>3. Une boule gratuite pour l\u2019\u00e9v\u00e8nement de \u00ab\u00a0Bubble Geer\u00a0\u00bb<\/p>\t\t\t\t\t\t<\/div>\n\t\t\t\t<\/div>\n\t\t\t\t\t<\/div>\n\t\t\t\t<\/div>\n\t\t<div class=\"elementor-element elementor-element-35106a2 e-flex e-con-boxed e-con e-parent\" data-id=\"35106a2\" data-element_type=\"container\">\n\t\t\t\t\t<div class=\"e-con-inner\">\n\t\t\t\t<div class=\"elementor-element elementor-element-221b1bb elementor-widget elementor-widget-text-editor\" data-id=\"221b1bb\" data-element_type=\"widget\" data-widget_type=\"text-editor.default\">\n\t\t\t\t<div class=\"elementor-widget-container\">\n\t\t\t\t\t\t\t<p><strong>Dons de 250\u20ac \u00e0 499\u20ac<\/strong><br \/><br \/>1. Nom sur le site internet<br \/><br \/>2. Certificat de remerciement<br \/><br \/>3. Invitation \u00e0 la c\u00e9r\u00e9monie d&rsquo;inauguration : Invitation personnelle \u00e0 la c\u00e9r\u00e9monie d&rsquo;inauguration avec<br \/>une mention sp\u00e9ciale.<\/p><p>4. Une boule gratuite pour l\u2019\u00e9v\u00e8nement de \u00ab\u00a0Bubble Geer\u00a0\u00bb<br \/>5. 5% de r\u00e9duction sur sa premi\u00e8re location : (hors charge)<\/p>\t\t\t\t\t\t<\/div>\n\t\t\t\t<\/div>\n\t\t\t\t\t<\/div>\n\t\t\t\t<\/div>\n\t\t<div class=\"elementor-element elementor-element-7777d13 e-flex e-con-boxed e-con e-parent\" data-id=\"7777d13\" data-element_type=\"container\">\n\t\t\t\t\t<div class=\"e-con-inner\">\n\t\t\t\t<div class=\"elementor-element elementor-element-c388f0b elementor-widget elementor-widget-text-editor\" data-id=\"c388f0b\" data-element_type=\"widget\" data-widget_type=\"text-editor.default\">\n\t\t\t\t<div class=\"elementor-widget-container\">\n\t\t\t\t\t\t\t<p><strong>Dons de 500\u20ac \u00e0 999\u20ac<\/strong><br \/><br \/>1. Nom sur le site internet<br \/><br \/>2. Certificat de remerciement<br \/><br \/>3. Invitation \u00e0 la c\u00e9r\u00e9monie d&rsquo;inauguration : Invitation personnelle \u00e0 la c\u00e9r\u00e9monie d&rsquo;inauguration avec<br \/>une mention sp\u00e9ciale.<\/p><p>4. Une boule gratuite pour l\u2019\u00e9v\u00e8nement de \u00ab\u00a0Bubble Geer\u00a0\u00bb<\/p><p>5. 10% de r\u00e9duction sur sa premi\u00e8re location : (hors charge)<\/p>\t\t\t\t\t\t<\/div>\n\t\t\t\t<\/div>\n\t\t\t\t\t<\/div>\n\t\t\t\t<\/div>\n\t\t<div class=\"elementor-element elementor-element-8d55994 e-flex e-con-boxed e-con e-parent\" data-id=\"8d55994\" data-element_type=\"container\">\n\t\t\t\t\t<div class=\"e-con-inner\">\n\t\t\t\t<div class=\"elementor-element elementor-element-2d46f82 elementor-widget elementor-widget-text-editor\" data-id=\"2d46f82\" data-element_type=\"widget\" data-widget_type=\"text-editor.default\">\n\t\t\t\t<div class=\"elementor-widget-container\">\n\t\t\t\t\t\t\t<p><strong>Dons de 1 000\u20ac \u00e0 2 499\u20ac<\/strong><br \/><br \/>1. Nom sur le site internet<br \/><br \/>2. Certificat de remerciement<\/p><p>3. Invitation \u00e0 la c\u00e9r\u00e9monie d&rsquo;inauguration<\/p><p>4. Une boule gratuite pour l\u2019\u00e9v\u00e8nement de \u00ab\u00a0Bubble Geer\u00a0\u00bb<\/p><p>5. Nom sur la plaque de remerciement<\/p><p>6. 15% de r\u00e9duction sur sa premi\u00e8re location : (hors charge)<\/p>\t\t\t\t\t\t<\/div>\n\t\t\t\t<\/div>\n\t\t\t\t\t<\/div>\n\t\t\t\t<\/div>\n\t\t<div class=\"elementor-element elementor-element-f7e217c e-flex e-con-boxed e-con e-parent\" data-id=\"f7e217c\" data-element_type=\"container\">\n\t\t\t\t\t<div class=\"e-con-inner\">\n\t\t\t\t<div class=\"elementor-element elementor-element-83a498f elementor-widget elementor-widget-text-editor\" data-id=\"83a498f\" data-element_type=\"widget\" data-widget_type=\"text-editor.default\">\n\t\t\t\t<div class=\"elementor-widget-container\">\n\t\t\t\t\t\t\t<p><strong>Dons de 2 500\u20ac \u00e0 4 999\u20ac<\/strong><br \/><br \/>1. Nom sur le site internet<br \/><br \/>2. Certificat de remerciement<br \/><br \/>3. Invitation \u00e0 la c\u00e9r\u00e9monie d&rsquo;inauguration<\/p><p>4. Une boule gratuite pour l\u2019\u00e9v\u00e8nement de \u00ab\u00a0Bubble Geer\u00a0\u00bb<br \/><br \/>5. Nom sur la plaque de remerciement<br \/><br \/>6. Une journ\u00e9e de location gratuite : Une journ\u00e9e de location gratuite de la salle pour un \u00e9v\u00e9nement<br \/>personnel ou associatif.<\/p>\t\t\t\t\t\t<\/div>\n\t\t\t\t<\/div>\n\t\t\t\t\t<\/div>\n\t\t\t\t<\/div>\n\t\t<div class=\"elementor-element elementor-element-d2c84a4 e-flex e-con-boxed e-con e-parent\" data-id=\"d2c84a4\" data-element_type=\"container\">\n\t\t\t\t\t<div class=\"e-con-inner\">\n\t\t\t\t<div class=\"elementor-element elementor-element-23bb159 elementor-widget elementor-widget-text-editor\" data-id=\"23bb159\" data-element_type=\"widget\" data-widget_type=\"text-editor.default\">\n\t\t\t\t<div class=\"elementor-widget-container\">\n\t\t\t\t\t\t\t<p><strong>Dons de 5 000\u20ac et plus<\/strong><br \/><br \/>1. Nom sur le site internet<br \/><br \/>2. Certificat de remerciement<br \/><br \/>3. Panier garni de tr\u00e8s grande valeur<br \/><br \/>4. Invitation \u00e0 la c\u00e9r\u00e9monie d&amp;#39;inauguration<br \/><br \/>5. Nom sur la plaque de remerciement (avec une mention sp\u00e9ciale pour les grands donateurs)<br \/><br \/>6. Un week-end de location gratuite ou deux jours cons\u00e9cutifs : Deux journ\u00e9es de location gratuite de<br \/>la salle pour des \u00e9v\u00e9nements personnels ou associatifs.<br \/><br \/>7. Nom d&rsquo;une salle annexe ou d&rsquo;un espace de la salle : Possibilit\u00e9 de nommer une salle annexe ou un espace sp\u00e9cifique de la salle en l&rsquo;honneur du donateur.<\/p>\t\t\t\t\t\t<\/div>\n\t\t\t\t<\/div>\n\t\t\t\t\t<\/div>\n\t\t\t\t<\/div>\n\t\t\t\t<\/div>\n\t\t","protected":false},"excerpt":{"rendered":"<p>Dons de 100\u20ac \u00e0 249\u20ac 1. Certificat de remerciement : Certificat de remerciement envoy\u00e9 par courrier. 2. Invitation \u00e0 la c\u00e9r\u00e9monie d&rsquo;inauguration [&hellip;]<\/p>\n","protected":false},"author":1,"featured_media":0,"parent":0,"menu_order":0,"comment_status":"closed","ping_status":"closed","template":"","meta":{"footnotes":""},"class_list":["post-530","page","type-page","status-publish","hentry"],"_links":{"self":[{"href":"https:\/\/patronotremaisonglons.be\/index.php?rest_route=\/wp\/v2\/pages\/530","targetHints":{"allow":["GET"]}}],"collection":[{"href":"https:\/\/patronotremaisonglons.be\/index.php?rest_route=\/wp\/v2\/pages"}],"about":[{"href":"https:\/\/patronotremaisonglons.be\/index.php?rest_route=\/wp\/v2\/types\/page"}],"author":[{"embeddable":true,"href":"https:\/\/patronotremaisonglons.be\/index.php?rest_route=\/wp\/v2\/users\/1"}],"replies":[{"embeddable":true,"href":"https:\/\/patronotremaisonglons.be\/index.php?rest_route=%2Fwp%2Fv2%2Fcomments&post=530"}],"version-history":[{"count":24,"href":"https:\/\/patronotremaisonglons.be\/index.php?rest_route=\/wp\/v2\/pages\/530\/revisions"}],"predecessor-version":[{"id":574,"href":"https:\/\/patronotremaisonglons.be\/index.php?rest_route=\/wp\/v2\/pages\/530\/revisions\/574"}],"wp:attachment":[{"href":"https:\/\/patronotremaisonglons.be\/index.php?rest_route=%2Fwp%2Fv2%2Fmedia&parent=530"}],"curies":[{"name":"wp","href":"https:\/\/api.w.org\/{rel}","templated":true}]}}