{"id":150,"date":"2024-06-17T14:04:26","date_gmt":"2024-06-17T12:04:26","guid":{"rendered":"https:\/\/patronotremaisonglons.be\/?page_id=150"},"modified":"2024-09-05T14:05:10","modified_gmt":"2024-09-05T12:05:10","slug":"notre-asbl","status":"publish","type":"page","link":"https:\/\/patronotremaisonglons.be\/?page_id=150","title":{"rendered":"Notre ASBL"},"content":{"rendered":"\t\t<div data-elementor-type=\"wp-page\" data-elementor-id=\"150\" class=\"elementor elementor-150\">\n\t\t\t\t<div class=\"elementor-element elementor-element-56c4734 e-flex e-con-boxed e-con e-parent\" data-id=\"56c4734\" data-element_type=\"container\">\n\t\t\t\t\t<div class=\"e-con-inner\">\n\t\t\t\t<div class=\"elementor-element elementor-element-eec30b6 elementor-widget elementor-widget-heading\" data-id=\"eec30b6\" data-element_type=\"widget\" data-widget_type=\"heading.default\">\n\t\t\t\t<div class=\"elementor-widget-container\">\n\t\t\t<style>\/*! elementor - v3.23.0 - 05-08-2024 *\/\n.elementor-heading-title{padding:0;margin:0;line-height:1}.elementor-widget-heading .elementor-heading-title[class*=elementor-size-]>a{color:inherit;font-size:inherit;line-height:inherit}.elementor-widget-heading .elementor-heading-title.elementor-size-small{font-size:15px}.elementor-widget-heading .elementor-heading-title.elementor-size-medium{font-size:19px}.elementor-widget-heading .elementor-heading-title.elementor-size-large{font-size:29px}.elementor-widget-heading .elementor-heading-title.elementor-size-xl{font-size:39px}.elementor-widget-heading .elementor-heading-title.elementor-size-xxl{font-size:59px}<\/style><h2 class=\"elementor-heading-title elementor-size-default\">notre asbl en images : <\/h2>\t\t<\/div>\n\t\t\t\t<\/div>\n\t\t\t\t\t<\/div>\n\t\t\t\t<\/div>\n\t\t<div class=\"elementor-element elementor-element-8d67d87 e-flex e-con-boxed e-con e-parent\" data-id=\"8d67d87\" data-element_type=\"container\">\n\t\t\t\t\t<div class=\"e-con-inner\">\n\t\t\t\t<div class=\"elementor-element elementor-element-b4fb807 elementor-widget elementor-widget-video\" data-id=\"b4fb807\" data-element_type=\"widget\" data-settings=\"{&quot;video_type&quot;:&quot;hosted&quot;,&quot;autoplay&quot;:&quot;yes&quot;,&quot;controls&quot;:&quot;yes&quot;}\" data-widget_type=\"video.default\">\n\t\t\t\t<div class=\"elementor-widget-container\">\n\t\t\t<style>\/*! elementor - v3.23.0 - 05-08-2024 *\/\n.elementor-widget-video .elementor-widget-container{overflow:hidden;transform:translateZ(0)}.elementor-widget-video .elementor-wrapper{aspect-ratio:var(--video-aspect-ratio)}.elementor-widget-video .elementor-wrapper iframe,.elementor-widget-video .elementor-wrapper video{height:100%;width:100%;display:flex;border:none;background-color:#000}@supports not (aspect-ratio:1\/1){.elementor-widget-video .elementor-wrapper{position:relative;overflow:hidden;height:0;padding-bottom:calc(100% \/ var(--video-aspect-ratio))}.elementor-widget-video .elementor-wrapper iframe,.elementor-widget-video .elementor-wrapper video{position:absolute;top:0;right:0;bottom:0;left:0}}.elementor-widget-video .elementor-open-inline .elementor-custom-embed-image-overlay{position:absolute;top:0;right:0;bottom:0;left:0;background-size:cover;background-position:50%}.elementor-widget-video .elementor-custom-embed-image-overlay{cursor:pointer;text-align:center}.elementor-widget-video .elementor-custom-embed-image-overlay:hover .elementor-custom-embed-play i{opacity:1}.elementor-widget-video .elementor-custom-embed-image-overlay img{display:block;width:100%;aspect-ratio:var(--video-aspect-ratio);-o-object-fit:cover;object-fit:cover;-o-object-position:center center;object-position:center center}@supports not (aspect-ratio:1\/1){.elementor-widget-video .elementor-custom-embed-image-overlay{position:relative;overflow:hidden;height:0;padding-bottom:calc(100% \/ var(--video-aspect-ratio))}.elementor-widget-video .elementor-custom-embed-image-overlay img{position:absolute;top:0;right:0;bottom:0;left:0}}.elementor-widget-video .e-hosted-video .elementor-video{-o-object-fit:cover;object-fit:cover}.e-con-inner>.elementor-widget-video,.e-con>.elementor-widget-video{width:var(--container-widget-width);--flex-grow:var(--container-widget-flex-grow)}<\/style>\t\t<div class=\"e-hosted-video elementor-wrapper elementor-open-inline\">\n\t\t\t\t\t<video class=\"elementor-video\" src=\"https:\/\/patronotremaisonglons.be\/wp-content\/uploads\/2024\/06\/Salle-du-Patro-de-Glons.mp4\" autoplay=\"\" controls=\"\" controlsList=\"nodownload\"><\/video>\n\t\t\t\t<\/div>\n\t\t\t\t<\/div>\n\t\t\t\t<\/div>\n\t\t\t\t\t<\/div>\n\t\t\t\t<\/div>\n\t\t<div class=\"elementor-element elementor-element-a865801 e-flex e-con-boxed e-con e-parent\" data-id=\"a865801\" data-element_type=\"container\">\n\t\t\t\t\t<div class=\"e-con-inner\">\n\t\t\t\t<div class=\"elementor-element elementor-element-d285bf9 elementor-widget elementor-widget-text-editor\" data-id=\"d285bf9\" data-element_type=\"widget\" data-widget_type=\"text-editor.default\">\n\t\t\t\t<div class=\"elementor-widget-container\">\n\t\t\t<style>\/*! elementor - v3.23.0 - 05-08-2024 *\/\n.elementor-widget-text-editor.elementor-drop-cap-view-stacked .elementor-drop-cap{background-color:#69727d;color:#fff}.elementor-widget-text-editor.elementor-drop-cap-view-framed .elementor-drop-cap{color:#69727d;border:3px solid;background-color:transparent}.elementor-widget-text-editor:not(.elementor-drop-cap-view-default) .elementor-drop-cap{margin-top:8px}.elementor-widget-text-editor:not(.elementor-drop-cap-view-default) .elementor-drop-cap-letter{width:1em;height:1em}.elementor-widget-text-editor .elementor-drop-cap{float:left;text-align:center;line-height:1;font-size:50px}.elementor-widget-text-editor .elementor-drop-cap-letter{display:inline-block}<\/style>\t\t\t\t<p>Partie \u00e0 retravailler !!<\/p><p><br><\/p><p>Notre ASBL \u00e9tablie \u00e0 Bassenge (Glons) qui g\u00e8re deux salles dans le village de Glons en r\u00e9gion li\u00e9geoise.<\/p>\n<p>Les salles, principalement occup\u00e9es par le Patro de Glons, servent de lieux d\u2019accueil de camps et hikes pour les mouvements de jeunesse le weekend et durant les vacances scolaires.<\/p>\t\t\t\t\t\t<\/div>\n\t\t\t\t<\/div>\n\t\t\t\t\t<\/div>\n\t\t\t\t<\/div>\n\t\t<div class=\"elementor-element elementor-element-bf9bb44 e-flex e-con-boxed e-con e-parent\" data-id=\"bf9bb44\" data-element_type=\"container\">\n\t\t\t\t\t<div class=\"e-con-inner\">\n\t\t\t\t<div class=\"elementor-element elementor-element-61f133b elementor-widget elementor-widget-text-editor\" data-id=\"61f133b\" data-element_type=\"widget\" data-widget_type=\"text-editor.default\">\n\t\t\t\t<div class=\"elementor-widget-container\">\n\t\t\t\t\t\t\t<p>Des activit\u00e9s hebdomadaires sportives (gym, danse, &#8230;) et culturelles sont organis\u00e9es ainsi que des festivit\u00e9s locales <br \/>(carnaval, f\u00eates du village, f\u00eates de familles, mariages, communions, etc.)<\/p><p>Il nous semble primordial pour la vie sociale, que ce type de salles continue \u00e0 exister. Le taux d\u2019occupation de ces derni\u00e8res <br \/>nous conforte dans notre id\u00e9e.<\/p><p>Malheureusement, les salles sont actuellement dans un \u00e9tat de v\u00e9tust\u00e9 avanc\u00e9. Elles font l\u2019objet d\u2019incessants travaux et r\u00e9parations.<\/p><p>Afin de pouvoir proposer aux associations et familles de la r\u00e9gion de pouvoir disposer d\u2019une salle \u00e0 prix abordable, il est n\u00e9cessaire d&rsquo;envisager un autre projet.<\/p>\t\t\t\t\t\t<\/div>\n\t\t\t\t<\/div>\n\t\t\t\t\t<\/div>\n\t\t\t\t<\/div>\n\t\t<div class=\"elementor-element elementor-element-d7388a7 e-flex e-con-boxed e-con e-parent\" data-id=\"d7388a7\" data-element_type=\"container\">\n\t\t\t\t\t<div class=\"e-con-inner\">\n\t\t\t\t<div class=\"elementor-element elementor-element-072f473 elementor-widget elementor-widget-heading\" data-id=\"072f473\" data-element_type=\"widget\" data-widget_type=\"heading.default\">\n\t\t\t\t<div class=\"elementor-widget-container\">\n\t\t\t<h2 class=\"elementor-heading-title elementor-size-default\">FINANCES<\/h2>\t\t<\/div>\n\t\t\t\t<\/div>\n\t\t\t\t\t<\/div>\n\t\t\t\t<\/div>\n\t\t<div class=\"elementor-element elementor-element-34ab206 e-flex e-con-boxed e-con e-parent\" data-id=\"34ab206\" data-element_type=\"container\">\n\t\t\t\t\t<div class=\"e-con-inner\">\n\t\t\t\t<div class=\"elementor-element elementor-element-379131b elementor-widget elementor-widget-text-editor\" data-id=\"379131b\" data-element_type=\"widget\" data-widget_type=\"text-editor.default\">\n\t\t\t\t<div class=\"elementor-widget-container\">\n\t\t\t\t\t\t\t<p>Les finances de notre ASBL et de l&rsquo;ASBL D\u00e9canale de la Basse-Meuse (propri\u00e9taire des b\u00e2timents mais qui nous en laissent la gestion) ne nous permettent pas de pouvoir r\u00e9nover les deux salles.<\/p><p>Nous avons donc d\u00e9cid\u00e9 (avec l\u2019accord des propri\u00e9taires) de vendre une des deux salles afin de pouvoir d\u00e9truire et reconstruire une nouvelle salle plus polyvalente.<\/p><p>Un projet de nouvelle salle polyvalente ayant eu l\u2019accord des diff\u00e9rentes parties (propri\u00e9taires et gestionnaires des salles) nous a \u00e9t\u00e9 remis par <br \/>un architecte.<\/p><p>\u00a0<\/p>\t\t\t\t\t\t<\/div>\n\t\t\t\t<\/div>\n\t\t\t\t\t<\/div>\n\t\t\t\t<\/div>\n\t\t<div class=\"elementor-element elementor-element-9dc0c4c e-flex e-con-boxed e-con e-parent\" data-id=\"9dc0c4c\" data-element_type=\"container\">\n\t\t\t\t\t<div class=\"e-con-inner\">\n\t\t\t\t<div class=\"elementor-element elementor-element-75e5c10 elementor-widget elementor-widget-heading\" data-id=\"75e5c10\" data-element_type=\"widget\" data-widget_type=\"heading.default\">\n\t\t\t\t<div class=\"elementor-widget-container\">\n\t\t\t<h2 class=\"elementor-heading-title elementor-size-default\">SUBSIDES<\/h2>\t\t<\/div>\n\t\t\t\t<\/div>\n\t\t\t\t\t<\/div>\n\t\t\t\t<\/div>\n\t\t<div class=\"elementor-element elementor-element-8018454 e-flex e-con-boxed e-con e-parent\" data-id=\"8018454\" data-element_type=\"container\">\n\t\t\t\t\t<div class=\"e-con-inner\">\n\t\t\t\t<div class=\"elementor-element elementor-element-07fe5c3 elementor-widget elementor-widget-text-editor\" data-id=\"07fe5c3\" data-element_type=\"widget\" data-widget_type=\"text-editor.default\">\n\t\t\t\t<div class=\"elementor-widget-container\">\n\t\t\t\t\t\t\t<p><span style=\"text-align: var(--text-align);\">Avez-vous des pistes pour des subsides \u00e0 nous proposer. Peut-\u00eatre nous mettre en lien avec d\u2019autres associations qui ont mis en place <br>un projet similaire et que nous puissions b\u00e9n\u00e9ficier de leurs exp\u00e9riences.<\/span><\/p>\n<p>Est-il envisageable pour vous de nous recevoir ? Dans la mesure de vos disponibilit\u00e9s, le vendredi, mercredi apr\u00e8s-midi ou les soir\u00e9es sont plus faciles pour nous.<\/p>\n<p>Afin de pr\u00e9parer au mieux ce rendez-vous, pourriez-vous nous indiquer les \u00e9l\u00e9ments n\u00e9cessaires pour une discussion constructive.<\/p>\n<p>Nous avons pu voir dans votre agenda, la formation \u00ab #8 Recourir \u00e0 une plateforme de crowdfunding pour sa lev\u00e9e de fonds citoyens \u00bb.&nbsp;<\/p>\n<p>Nous n\u2019avons malheureusement pas pu la suivre. Est-il possible d\u2019obtenir \u00e9ventuellement la pr\u00e9sentation afin de pr\u00e9parer les \u00e9l\u00e9ments pertinents avant notre rdv.<\/p>\n<p>D\u00e9j\u00e0 merci pour votre aide.<br>Dans l\u2019attente de votre r\u00e9ponse, veuillez recevoir nos salutations les plus sinc\u00e8res.&nbsp;Pour l\u2019ASBL Patro \u2013 Notre Maison<\/p>\t\t\t\t\t\t<\/div>\n\t\t\t\t<\/div>\n\t\t\t\t\t<\/div>\n\t\t\t\t<\/div>\n\t\t<div class=\"elementor-element elementor-element-7dc15fe e-flex e-con-boxed e-con e-parent\" data-id=\"7dc15fe\" data-element_type=\"container\">\n\t\t\t\t\t<div class=\"e-con-inner\">\n\t\t\t\t<div class=\"elementor-element elementor-element-b2713ce elementor-widget elementor-widget-heading\" data-id=\"b2713ce\" data-element_type=\"widget\" data-widget_type=\"heading.default\">\n\t\t\t\t<div class=\"elementor-widget-container\">\n\t\t\t<h2 class=\"elementor-heading-title elementor-size-default\">VENTES<\/h2>\t\t<\/div>\n\t\t\t\t<\/div>\n\t\t\t\t\t<\/div>\n\t\t\t\t<\/div>\n\t\t<div class=\"elementor-element elementor-element-691e418 e-flex e-con-boxed e-con e-parent\" data-id=\"691e418\" data-element_type=\"container\">\n\t\t\t\t\t<div class=\"e-con-inner\">\n\t\t\t\t<div class=\"elementor-element elementor-element-9b46126 elementor-widget elementor-widget-text-editor\" data-id=\"9b46126\" data-element_type=\"widget\" data-widget_type=\"text-editor.default\">\n\t\t\t\t<div class=\"elementor-widget-container\">\n\t\t\t\t\t\t\t<p>La vente d\u2019un des deux b\u00e2timents ne permet pas de boucler le budget. Nous devons donc avoir recours \u00e0 d\u2019autres sources de financement.<\/p>\n<p>Des activit\u00e9s sont \u00e9galement organis\u00e9es par notre comit\u00e9 afin de g\u00e9n\u00e9rer des fonds.<\/p>\n<p>Afin de pouvoir porter ce projet au mieux, nous souhaiterions vous rencontrer et b\u00e9n\u00e9ficier de votre expertise et de vos conseils pour mettre toutes <br>les chances de notre c\u00f4t\u00e9.&nbsp;<\/p>\n<p>Nous ne savons pas comment avoir recours \u00ab au financement citoyen \u00bb, quelles sont les conditions, modalit\u00e9s ?&nbsp;&nbsp;<\/p>\t\t\t\t\t\t<\/div>\n\t\t\t\t<\/div>\n\t\t\t\t\t<\/div>\n\t\t\t\t<\/div>\n\t\t<div class=\"elementor-element elementor-element-cce81ba e-flex e-con-boxed e-con e-parent\" data-id=\"cce81ba\" data-element_type=\"container\">\n\t\t\t\t\t<div class=\"e-con-inner\">\n\t\t\t\t<div class=\"elementor-element elementor-element-10e448b elementor-widget elementor-widget-heading\" data-id=\"10e448b\" data-element_type=\"widget\" data-widget_type=\"heading.default\">\n\t\t\t\t<div class=\"elementor-widget-container\">\n\t\t\t<h2 class=\"elementor-heading-title elementor-size-default\">CONTACT<\/h2>\t\t<\/div>\n\t\t\t\t<\/div>\n\t\t\t\t\t<\/div>\n\t\t\t\t<\/div>\n\t\t<div class=\"elementor-element elementor-element-2ecd9ba e-flex e-con-boxed e-con e-parent\" data-id=\"2ecd9ba\" data-element_type=\"container\">\n\t\t\t\t\t<div class=\"e-con-inner\">\n\t\t<div class=\"elementor-element elementor-element-fb6ea36 e-con-full e-flex e-con e-child\" data-id=\"fb6ea36\" data-element_type=\"container\">\n\t\t\t\t<div class=\"elementor-element elementor-element-5d1d8d3 elementor-widget elementor-widget-text-editor\" data-id=\"5d1d8d3\" data-element_type=\"widget\" data-widget_type=\"text-editor.default\">\n\t\t\t\t<div class=\"elementor-widget-container\">\n\t\t\t\t\t\t\t<p>RIEN ICI<\/p>\t\t\t\t\t\t<\/div>\n\t\t\t\t<\/div>\n\t\t\t\t<\/div>\n\t\t\t\t\t<\/div>\n\t\t\t\t<\/div>\n\t\t\t\t<\/div>\n\t\t","protected":false},"excerpt":{"rendered":"<p>notre asbl en images : https:\/\/patronotremaisonglons.be\/wp-content\/uploads\/2024\/06\/Salle-du-Patro-de-Glons.mp4 Partie \u00e0 retravailler !! Notre ASBL \u00e9tablie \u00e0 Bassenge (Glons) qui g\u00e8re deux salles dans le [&hellip;]<\/p>\n","protected":false},"author":1,"featured_media":0,"parent":0,"menu_order":0,"comment_status":"closed","ping_status":"closed","template":"page-templates\/page_front-page.php","meta":{"footnotes":""},"class_list":["post-150","page","type-page","status-publish","hentry"],"_links":{"self":[{"href":"https:\/\/patronotremaisonglons.be\/index.php?rest_route=\/wp\/v2\/pages\/150","targetHints":{"allow":["GET"]}}],"collection":[{"href":"https:\/\/patronotremaisonglons.be\/index.php?rest_route=\/wp\/v2\/pages"}],"about":[{"href":"https:\/\/patronotremaisonglons.be\/index.php?rest_route=\/wp\/v2\/types\/page"}],"author":[{"embeddable":true,"href":"https:\/\/patronotremaisonglons.be\/index.php?rest_route=\/wp\/v2\/users\/1"}],"replies":[{"embeddable":true,"href":"https:\/\/patronotremaisonglons.be\/index.php?rest_route=%2Fwp%2Fv2%2Fcomments&post=150"}],"version-history":[{"count":49,"href":"https:\/\/patronotremaisonglons.be\/index.php?rest_route=\/wp\/v2\/pages\/150\/revisions"}],"predecessor-version":[{"id":617,"href":"https:\/\/patronotremaisonglons.be\/index.php?rest_route=\/wp\/v2\/pages\/150\/revisions\/617"}],"wp:attachment":[{"href":"https:\/\/patronotremaisonglons.be\/index.php?rest_route=%2Fwp%2Fv2%2Fmedia&parent=150"}],"curies":[{"name":"wp","href":"https:\/\/api.w.org\/{rel}","templated":true}]}}